{"id":41,"date":"2019-11-21T16:29:21","date_gmt":"2019-11-21T16:29:21","guid":{"rendered":"http:\/\/guttentager.com\/?page_id=41"},"modified":"2019-11-21T16:32:19","modified_gmt":"2019-11-21T16:32:19","slug":"impressum","status":"publish","type":"page","link":"https:\/\/guttentager.com\/?page_id=41","title":{"rendered":"Impressum &#038; Datenschutz"},"content":{"rendered":"\n<p><strong>Guttentager Executive Search ltd.<\/strong><br>Am Seegraben 10<br>70435 Stuttgart<br>Email: jsteinkuehler@guttentager.com<br><\/p>\n\n\n\n<p><strong>Inhaber &amp; Gesch\u00e4ftsf\u00fchrer:<\/strong><\/p>\n\n\n\n<p>Johannes Steink\u00fchler<\/p>\n\n\n\n<p><strong>Inhaltlich Verantwortlicher gem. \u00a7 10 Abs. 3 MDStV:<\/strong><br>Johannes Steink\u00fchler<br>Am Seegraben 10<br>70435 Stuttgart<br>Email: jsteinkuehler@guttentager.com <\/p>\n\n\n\n<p><strong>Copyright:<\/strong><br>\u00a9 2019 Guttentager Executive Search ltd.<\/p>\n\n\n\n<p>Alle Rechte, insbesondere an Texten, Bildern und anderen auf den Internetseiten ver\u00f6ffentlichten urheberrechtlich gesch\u00fctzten Werken, vorbehalten. Jede Vervielf\u00e4ltigung, Verbreitung, Speicherung, \u00dcbermittlung, Sendung und sonstige Verwertung der Inhalte ist ohne schriftliche Genehmigung von \u201eGuttentager\u201c ausdr\u00fccklich untersagt.<\/p>\n\n\n\n<p>Rechtliche Hinweise<br>Die folgenden rechtlichen Hinweise regeln die Nutzung unseres Webangebotes. Mit der Nutzung unseres Webangebotes erkl\u00e4ren Sie sich automatisch mit der Geltung der jeweils aktuellen Fassung dieser Bedingungen einverstanden.<\/p>\n\n\n\n<p>Keine Haftung f\u00fcr Inhalte<br>Guttentager Executive Search stellt die Inhalte dieser Internetseiten mit gro\u00dfer Sorgfalt zusammen. F\u00fcr Aktualit\u00e4t, Richtigkeit und Vollst\u00e4ndigkeit der Information auf diesen Internetseiten oder den jederzeitigen st\u00f6rungsfreien Zugang \u00fcbernimmt Guttentager dennoch keine Gew\u00e4hr. Es handelt sich bei diesen Seiten um ein unverbindliches Informationsangebot von Guttentager, welches jederzeit, auch ohne vorherige Ank\u00fcndigung, ge\u00e4ndert, erg\u00e4nzt oder gel\u00f6scht werden kann. Dies gilt auch f\u00fcr alle zum Download zur Verf\u00fcgung gestellten Inhalte.<br>Die einzelnen Seiten des Webangebotes werden von den jeweiligen als verantwortlich angegeben Gesellschaften unseres Unternehmens entsprechend den gesetzlichen Anforderungen am Sitz der jeweiligen Gesellschaft betrieben und verwaltet. Wird das Webangebot von anderen Orten aus benutzt, so ist der Nutzer f\u00fcr die \u00dcbereinstimmung der Nutzung mit den dort jeweils geltenden Vorschriften selbst verantwortlich.<\/p>\n\n\n\n<p>Keine Haftung f\u00fcr Links<br>Guttentager haftet weder f\u00fcr die Verf\u00fcgbarkeit noch f\u00fcr Inhalte auf Internetseiten Dritter, auf die sie Links (Verkn\u00fcpfungen) gesetzt hat. Dies gilt sowohl f\u00fcr Inhalte, die bei Setzen des Links bereits vorhanden waren, wie auch f\u00fcr nachtr\u00e4gliche \u00c4nderungen auf den Internetseiten des Dritten. Es wird hiermit ausdr\u00fccklich erkl\u00e4rt, dass zum Zeitpunkt der Linksetzung keine illegalen Inhalte auf den zu verlinkenden Seiten erkennbar waren.<\/p>\n\n\n\n<p>Datenschutz<br>Grunds\u00e4tzlich werden bei der Nutzung ohne Ihre ausdr\u00fcckliche freiwillige Angabe keine personenbezogenen Daten erfasst. Werden personenbezogene Angaben freiwillig zur Verf\u00fcgung gestellt, werden wir sie lediglich zum vereinbarten Zweck verwenden. Die Angaben werden nur soweit es zu diesem Zweck erforderlich ist gespeichert, verarbeitet und weitergeleitet.<\/p>\n\n\n\n<p>Datenschutzerkl\u00e4rung:<\/p>\n\n\n\n<p>Datenschutz<br>Die Nutzung unserer Webseite ist in der Regel ohne Angabe personenbezogener Daten m\u00f6glich. Soweit auf unseren Seiten personenbezogene Daten (beispielsweise Name, Anschrift oder eMail-Adressen) erhoben werden, erfolgt dies, soweit m\u00f6glich, stets auf freiwilliger Basis. Diese Daten werden ohne Ihre ausdr\u00fcckliche Zustimmung nicht an Dritte weitergegeben.<\/p>\n\n\n\n<p>Wir weisen darauf hin, dass die Daten\u00fcbertragung im Internet (z.B. bei der Kommunikation per E-Mail) Sicherheitsl\u00fccken aufweisen kann. Ein l\u00fcckenloser Schutz der Daten vor dem Zugriff durch Dritte ist nicht m\u00f6glich.<\/p>\n\n\n\n<p>Der Nutzung von im Rahmen der Impressumspflicht ver\u00f6ffentlichten Kontaktdaten durch Dritte zur \u00dcbersendung von nicht ausdr\u00fccklich angeforderter Werbung und Informationsmaterialien wird hiermit ausdr\u00fccklich widersprochen. Die Betreiber der Seiten behalten sich ausdr\u00fccklich rechtliche Schritte im Falle der unverlangten Zusendung von Werbeinformationen, etwa durch Spam-Mails, vor.<\/p>\n\n\n\n<p>Sie k\u00f6nnen die Speicherung der Cookies durch eine entsprechende Einstellung Ihrer Browser-Software verhindern; wir weisen Sie jedoch darauf hin, dass Sie in diesem Fall gegebenenfalls nicht s\u00e4mtliche Funktionen dieser Website vollumf\u00e4nglich werden nutzen k\u00f6nnen. Sie k\u00f6nnen dar\u00fcber hinaus die Erfassung der durch das Cookie erzeugten und auf Ihre Nutzung der Website bezogenen Daten (inkl. Ihrer IP-Adresse) an Google sowie die Verarbeitung dieser Daten durch Google verhindern, indem sie das unter dem folgenden Link verf\u00fcgbare Browser-Plugin herunterladen und installieren: http:\/\/tools.google.com\/dlpage\/gaoptout?hl=de.<\/p>\n\n\n\n<p>Datenschutzerkl\u00e4rung f\u00fcr die Nutzung von Google Adsense<br>Diese Website benutzt Google AdSense, einen Dienst zum Einbinden von Werbeanzeigen der Google Inc. (\u201eGoogle\u201c). Google AdSense verwendet sog. \u201eCookies\u201c, Textdateien, die auf Ihrem Computer gespeichert werden und die eine Analyse der Benutzung der Website erm\u00f6glicht. Google AdSense verwendet auch so genannte Web Beacons (unsichtbare Grafiken). Durch diese Web Beacons k\u00f6nnen Informationen wie der Besucherverkehr auf diesen Seiten ausgewertet werden.<\/p>\n\n\n\n<p>Die durch Cookies und Web Beacons erzeugten Informationen \u00fcber die Benutzung dieser Website (einschlie\u00dflich Ihrer IP-Adresse) und Auslieferung von Werbeformaten werden an einen Server von Google in den USA \u00fcbertragen und dort gespeichert. Diese Informationen k\u00f6nnen von Google an Vertragspartner von Google weiter gegeben werden. Google wird Ihre IP-Adresse jedoch nicht mit anderen von Ihnen gespeicherten Daten zusammenf\u00fchren.<\/p>\n\n\n\n<p>Sie k\u00f6nnen die Installation der Cookies durch eine entsprechende Einstellung Ihrer Browser Software verhindern; wir weisen Sie jedoch darauf hin, dass Sie in diesem Fall gegebenenfalls nicht s\u00e4mtliche Funktionen dieser Website voll umf\u00e4nglich nutzen k\u00f6nnen. Durch die Nutzung dieser Website erkl\u00e4ren Sie sich mit der Bearbeitung der \u00fcber Sie erhobenen Daten durch Google in der zuvor beschriebenen Art und Weise und zu dem zuvor benannten Zweck einverstanden.<\/p>\n\n\n\n<p>Cookies<br>Abh\u00e4ngig von der Einstellung Ihres Browsers kann es sein, dass Informationen in Form von \u201eCookies\u201c automatisch auf Ihrem Computer abgelegt werden. Bitte passen Sie diese Einstellungen entsprechend an, wenn Sie diese Speicherung nicht w\u00fcnschen.<\/p>\n\n\n\n<p>Urheberrechte<br>Bitte nehmen Sie unseren Copyrightvermerk zur Kenntnis. Dieser wird jedem Ausdruck von Inhalten von unserem Webangebot automatisch angef\u00fcgt und darf nicht entfernt werden. Auch zum Download bereitgestellte Dokumente unterliegen der Geltung dieses Vermerkes.<\/p>\n\n\n\n<p>Nutzungsbeschr\u00e4nkung<br>Jegliche Nutzung, die gesetzliche Bestimmungen oder Rechte Dritter verletzt, ist untersagt. Bei Nichteinhaltung behalten wir uns vor, den Zugang zum Webangebot zu sperren.<\/p>\n\n\n\n<p>Auskunft, L\u00f6schung, Sperrung<br>Sie haben jederzeit das Recht auf unentgeltliche Auskunft \u00fcber Ihre gespeicherten personenbezogenen Daten, deren Herkunft und Empf\u00e4nger und den Zweck der Datenverarbeitung sowie ein Recht auf Berichtigung, Sperrung oder L\u00f6schung dieser Daten. Hierzu sowie zu weiteren Fragen zum Thema personenbezogene Daten k\u00f6nnen Sie sich jederzeit \u00fcber die im Impressum angegeben Adresse des Webseitenbetreibers an uns wenden.<\/p>\n","protected":false},"excerpt":{"rendered":"<p>Guttentager Executive Search ltd.Am Seegraben 1070435 StuttgartEmail: jsteinkuehler@guttentager.com Inhaber &amp; Gesch\u00e4ftsf\u00fchrer: Johannes Steink\u00fchler Inhaltlich Verantwortlicher gem. \u00a7 10 Abs. 3&hellip;<\/p>\n","protected":false},"author":1,"featured_media":0,"parent":0,"menu_order":0,"comment_status":"closed","ping_status":"closed","template":"","meta":[],"_links":{"self":[{"href":"https:\/\/guttentager.com\/index.php?rest_route=\/wp\/v2\/pages\/41"}],"collection":[{"href":"https:\/\/guttentager.com\/index.php?rest_route=\/wp\/v2\/pages"}],"about":[{"href":"https:\/\/guttentager.com\/index.php?rest_route=\/wp\/v2\/types\/page"}],"author":[{"embeddable":true,"href":"https:\/\/guttentager.com\/index.php?rest_route=\/wp\/v2\/users\/1"}],"replies":[{"embeddable":true,"href":"https:\/\/guttentager.com\/index.php?rest_route=%2Fwp%2Fv2%2Fcomments&post=41"}],"version-history":[{"count":2,"href":"https:\/\/guttentager.com\/index.php?rest_route=\/wp\/v2\/pages\/41\/revisions"}],"predecessor-version":[{"id":44,"href":"https:\/\/guttentager.com\/index.php?rest_route=\/wp\/v2\/pages\/41\/revisions\/44"}],"wp:attachment":[{"href":"https:\/\/guttentager.com\/index.php?rest_route=%2Fwp%2Fv2%2Fmedia&parent=41"}],"curies":[{"name":"wp","href":"https:\/\/api.w.org\/{rel}","templated":true}]}}